{"id":8,"date":"2025-10-25T13:23:05","date_gmt":"2025-10-25T13:23:05","guid":{"rendered":"https:\/\/reco-soutien.fr\/?page_id=8"},"modified":"2025-10-25T13:23:05","modified_gmt":"2025-10-25T13:23:05","slug":"reconnaissance-soutien-emploi","status":"publish","type":"page","link":"https:\/\/reco-soutien.fr\/","title":{"rendered":"Reconnaissance Soutien  Emploi"},"content":{"rendered":"\n<div class=\"wp-block-group alignfull has-global-padding is-layout-constrained wp-container-core-group-is-layout-490fa1db wp-block-group-is-layout-constrained\" style=\"padding-top:var(--wp--preset--spacing--50);padding-right:var(--wp--preset--spacing--50);padding-bottom:var(--wp--preset--spacing--50);padding-left:var(--wp--preset--spacing--50)\">\n<div class=\"wp-block-group has-global-padding is-layout-constrained wp-container-core-group-is-layout-650790e1 wp-block-group-is-layout-constrained\">\n<h1 class=\"wp-block-heading has-text-align-center has-x-large-font-size\">Un engagement au service de ceux qui ont servi.<\/h1>\n\n\n\n<div style=\"height:1.25rem\" aria-hidden=\"true\" class=\"wp-block-spacer\"><\/div>\n\n\n\n<p class=\"has-text-align-center\"><strong>RSE s\u2019engage aux c\u00f4t\u00e9s des anciens militaires pour r\u00e9v\u00e9ler leur potentiel.<\/strong><br><strong>Nous faisons de l\u2019exp\u00e9rience acquise au service de la Nation un tremplin vers de nouvelles r\u00e9ussites.<\/strong><\/p>\n\n\n\n<div style=\"height:1.25rem\" aria-hidden=\"true\" class=\"wp-block-spacer\"><\/div>\n\n\n\n<div class=\"wp-block-buttons is-content-justification-center is-layout-flex wp-container-core-buttons-is-layout-a89b3969 wp-block-buttons-is-layout-flex\"><\/div>\n<\/div>\n\n\n\n<div style=\"height:var(--wp--preset--spacing--30)\" aria-hidden=\"true\" class=\"wp-block-spacer\"><\/div>\n\n\n\n<figure class=\"wp-block-image alignwide size-full is-style-rounded is-style-rounded--1\"><img loading=\"lazy\" decoding=\"async\" width=\"1920\" height=\"800\" src=\"https:\/\/reco-soutien.fr\/wp-content\/uploads\/2025\/10\/RSE_banner_desktop_1920x800.webp\" alt=\"\" class=\"wp-image-10\" srcset=\"https:\/\/reco-soutien.fr\/wp-content\/uploads\/2025\/10\/RSE_banner_desktop_1920x800.webp 1920w, https:\/\/reco-soutien.fr\/wp-content\/uploads\/2025\/10\/RSE_banner_desktop_1920x800-300x125.webp 300w, https:\/\/reco-soutien.fr\/wp-content\/uploads\/2025\/10\/RSE_banner_desktop_1920x800-1024x427.webp 1024w, https:\/\/reco-soutien.fr\/wp-content\/uploads\/2025\/10\/RSE_banner_desktop_1920x800-768x320.webp 768w, https:\/\/reco-soutien.fr\/wp-content\/uploads\/2025\/10\/RSE_banner_desktop_1920x800-1536x640.webp 1536w\" sizes=\"auto, (max-width: 1920px) 100vw, 1920px\" \/><\/figure>\n<\/div>\n\n\n\n<div class=\"wp-block-group alignfull has-base-2-background-color has-background has-global-padding is-layout-constrained wp-container-core-group-is-layout-669513ed wp-block-group-is-layout-constrained\" style=\"margin-top:0;margin-bottom:0;padding-top:var(--wp--preset--spacing--50);padding-right:var(--wp--preset--spacing--50);padding-bottom:var(--wp--preset--spacing--50);padding-left:var(--wp--preset--spacing--50)\">\n<div class=\"wp-block-group is-vertical is-content-justification-center is-layout-flex wp-container-core-group-is-layout-52b864f0 wp-block-group-is-layout-flex\">\n<h2 class=\"wp-block-heading has-text-align-center is-style-asterisk\">Transformer l\u2019exp\u00e9rience en avenir<\/h2>\n\n\n\n<div style=\"height:0px\" aria-hidden=\"true\" class=\"wp-block-spacer wp-container-content-4f2ccadb\"><\/div>\n\n\n\n<p class=\"has-text-align-center\">Anciens militaires, gendarmes ou personnels de d\u00e9fense : nous valorisons vos comp\u00e9tences et vous guidons vers un emploi \u00e0 la hauteur de votre engagement.<\/p>\n<\/div>\n\n\n\n<div style=\"margin-top:0;margin-bottom:0;height:var(--wp--preset--spacing--40)\" aria-hidden=\"true\" class=\"wp-block-spacer\"><\/div>\n\n\n\n<div class=\"wp-block-columns alignwide is-layout-flex wp-container-core-columns-is-layout-d0bbbce0 wp-block-columns-is-layout-flex\">\n<div class=\"wp-block-column is-layout-flow wp-container-core-column-is-layout-e3d1c41b wp-block-column-is-layout-flow\">\n<h3 class=\"wp-block-heading has-text-align-left is-style-asterisk has-body-font-family has-medium-font-size\" style=\"font-style:normal;font-weight:600\">1. <strong>Accompagnement personnalis\u00e9<\/strong><\/h3>\n\n\n\n<p class=\"has-text-align-left\">Chaque parcours est unique. Nous offrons un suivi sur mesure pour guider chaque militaire vers une reconversion r\u00e9ussie.<\/p>\n<\/div>\n\n\n\n<div class=\"wp-block-column is-layout-flow wp-container-core-column-is-layout-e3d1c41b wp-block-column-is-layout-flow\">\n<h3 class=\"wp-block-heading has-text-align-left is-style-asterisk has-body-font-family has-medium-font-size\" style=\"font-style:normal;font-weight:600\">2. <strong>Valorisation des comp\u00e9tences<\/strong><\/h3>\n\n\n\n<p class=\"has-text-align-left\">L\u2019exp\u00e9rience acquise dans les forces arm\u00e9es est une richesse. Nous aidons \u00e0 la traduire en atouts concrets pour le monde civil.<\/p>\n<\/div>\n\n\n\n<div class=\"wp-block-column is-layout-flow wp-container-core-column-is-layout-e3d1c41b wp-block-column-is-layout-flow\">\n<h3 class=\"wp-block-heading has-text-align-left is-style-asterisk has-body-font-family has-medium-font-size\" style=\"font-style:normal;font-weight:600\">3. <strong>Insertion professionnelle<\/strong><\/h3>\n\n\n\n<p class=\"has-text-align-left\">Reco-naissance Soutien Emploi agit comme un lien entre anciens militaires et employeurs partageant leurs valeurs.<\/p>\n<\/div>\n<\/div>\n\n\n\n<div style=\"height:var(--wp--preset--spacing--20)\" aria-hidden=\"true\" class=\"wp-block-spacer\"><\/div>\n\n\n\n<div class=\"wp-block-columns alignwide is-layout-flex wp-container-core-columns-is-layout-d0bbbce0 wp-block-columns-is-layout-flex\">\n<div class=\"wp-block-column is-layout-flow wp-container-core-column-is-layout-e3d1c41b wp-block-column-is-layout-flow\">\n<h3 class=\"wp-block-heading has-text-align-left is-style-asterisk has-body-font-family has-medium-font-size\" style=\"font-style:normal;font-weight:600\">4. <strong>Formations et d\u00e9veloppement<\/strong><\/h3>\n\n\n\n<p class=\"has-text-align-left\">Nous proposons des ressources, outils et partenaires pour renforcer les comp\u00e9tences et favoriser une int\u00e9gration durable.<\/p>\n<\/div>\n\n\n\n<div class=\"wp-block-column is-layout-flow wp-container-core-column-is-layout-e3d1c41b wp-block-column-is-layout-flow\">\n<h3 class=\"wp-block-heading has-text-align-left is-style-asterisk has-body-font-family has-medium-font-size\" style=\"font-style:normal;font-weight:600\">5. <strong>Partenariats entreprises<\/strong><\/h3>\n\n\n\n<p class=\"has-text-align-left\">Nous collaborons avec des acteurs \u00e9conomiques engag\u00e9s dans la valorisation du savoir-\u00eatre militaire.<\/p>\n<\/div>\n\n\n\n<div class=\"wp-block-column is-layout-flow wp-container-core-column-is-layout-e3d1c41b wp-block-column-is-layout-flow\">\n<h3 class=\"wp-block-heading has-text-align-left is-style-asterisk has-body-font-family has-medium-font-size\" style=\"font-style:normal;font-weight:600\">6. <strong>Soutien humain et moral<\/strong><\/h3>\n\n\n\n<p class=\"has-text-align-left\">Derri\u00e8re chaque projet professionnel, il y a une histoire. Nous accompagnons les transitions avec bienveillance et respect.<\/p>\n<\/div>\n<\/div>\n<\/div>\n\n\n\n<div class=\"wp-block-group alignfull has-base-color has-contrast-background-color has-text-color has-background has-global-padding is-layout-constrained wp-container-core-group-is-layout-ef3d885c wp-block-group-is-layout-constrained\" style=\"margin-top:0;margin-bottom:0;padding-top:var(--wp--preset--spacing--60);padding-right:var(--wp--preset--spacing--60);padding-bottom:var(--wp--preset--spacing--60);padding-left:var(--wp--preset--spacing--60)\">\n<div class=\"wp-block-group has-global-padding is-layout-constrained wp-block-group-is-layout-constrained\">\n<p class=\"has-text-align-center has-base-color has-text-color has-heading-font-family has-x-large-font-size\" style=\"line-height:1.2\"><em>\u00ab N\u2019ayant pas b\u00e9n\u00e9fici\u00e9 d\u2019un accompagnement \u00e0 notre sortie de l\u2019institution, nous avons choisi de cr\u00e9er celui que nous aurions voulu recevoir. \u00bb<\/em><\/p>\n\n\n\n<div style=\"height:var(--wp--preset--spacing--10)\" aria-hidden=\"true\" class=\"wp-block-spacer\"><\/div>\n\n\n\n<div class=\"wp-block-group is-vertical is-content-justification-center is-nowrap is-layout-flex wp-container-core-group-is-layout-2dc08cea wp-block-group-is-layout-flex\">\n<p class=\"has-text-align-center\" style=\"margin-top:var(--wp--preset--spacing--10);margin-bottom:0\">Richard Mousset et Julien Petit<\/p>\n\n\n\n<p class=\"has-text-align-center has-contrast-3-color has-text-color has-small-font-size\" style=\"font-style:normal;font-weight:300\">Co-fondateur RSE<\/p>\n<\/div>\n<\/div>\n<\/div>\n\n\n\n<div class=\"wp-block-group alignfull has-global-padding is-layout-constrained wp-container-core-group-is-layout-d89aad35 wp-block-group-is-layout-constrained\" style=\"margin-top:0;margin-bottom:0;padding-top:var(--wp--preset--spacing--50);padding-right:var(--wp--preset--spacing--50);padding-bottom:var(--wp--preset--spacing--50);padding-left:var(--wp--preset--spacing--50)\">\n<div class=\"wp-block-group alignwide has-base-2-background-color has-background has-global-padding is-layout-constrained wp-container-core-group-is-layout-39412042 wp-block-group-is-layout-constrained\" style=\"border-radius:16px;padding-top:var(--wp--preset--spacing--40);padding-right:var(--wp--preset--spacing--50);padding-bottom:var(--wp--preset--spacing--40);padding-left:var(--wp--preset--spacing--50)\">\n<div style=\"height:var(--wp--preset--spacing--10)\" aria-hidden=\"true\" class=\"wp-block-spacer\"><\/div>\n\n\n\n<h2 class=\"wp-block-heading has-text-align-center has-x-large-font-size\">Contactez nous pour tout renseignement<\/h2>\n\n\n\n<p class=\"has-text-align-center\">Contact@reco-soutien.fr<\/p>\n\n\n\n<div style=\"height:var(--wp--preset--spacing--10)\" aria-hidden=\"true\" class=\"wp-block-spacer\"><\/div>\n<\/div>\n<\/div>\n","protected":false},"excerpt":{"rendered":"<p>Un engagement au service de ceux qui ont servi. RSE s\u2019engage aux c\u00f4t\u00e9s des anciens militaires pour r\u00e9v\u00e9ler leur potentiel.Nous faisons de l\u2019exp\u00e9rience acquise au service de la Nation un tremplin vers de nouvelles r\u00e9ussites. Transformer l\u2019exp\u00e9rience en avenir Anciens militaires, gendarmes ou personnels de d\u00e9fense : nous valorisons vos comp\u00e9tences et vous guidons vers [&hellip;]<\/p>\n","protected":false},"author":1,"featured_media":0,"parent":0,"menu_order":0,"comment_status":"closed","ping_status":"closed","template":"","meta":{"footnotes":""},"class_list":["post-8","page","type-page","status-publish","hentry"],"_links":{"self":[{"href":"https:\/\/reco-soutien.fr\/index.php?rest_route=\/wp\/v2\/pages\/8","targetHints":{"allow":["GET"]}}],"collection":[{"href":"https:\/\/reco-soutien.fr\/index.php?rest_route=\/wp\/v2\/pages"}],"about":[{"href":"https:\/\/reco-soutien.fr\/index.php?rest_route=\/wp\/v2\/types\/page"}],"author":[{"embeddable":true,"href":"https:\/\/reco-soutien.fr\/index.php?rest_route=\/wp\/v2\/users\/1"}],"replies":[{"embeddable":true,"href":"https:\/\/reco-soutien.fr\/index.php?rest_route=%2Fwp%2Fv2%2Fcomments&post=8"}],"version-history":[{"count":3,"href":"https:\/\/reco-soutien.fr\/index.php?rest_route=\/wp\/v2\/pages\/8\/revisions"}],"predecessor-version":[{"id":15,"href":"https:\/\/reco-soutien.fr\/index.php?rest_route=\/wp\/v2\/pages\/8\/revisions\/15"}],"wp:attachment":[{"href":"https:\/\/reco-soutien.fr\/index.php?rest_route=%2Fwp%2Fv2%2Fmedia&parent=8"}],"curies":[{"name":"wp","href":"https:\/\/api.w.org\/{rel}","templated":true}]}}